{"id":302,"date":"2014-03-06T07:06:23","date_gmt":"2014-03-06T05:06:23","guid":{"rendered":"https:\/\/www.msport.ee\/wp\/?page_id=302"},"modified":"2014-03-06T07:06:23","modified_gmt":"2014-03-06T05:06:23","slug":"motocross-training-camp-for-children","status":"publish","type":"page","link":"https:\/\/msport.ee\/en\/motocross-training-camp-for-children\/","title":{"rendered":"Motocross Training Camp for Children"},"content":{"rendered":"<p>The Estonian Motorcycling Federation is offering young riders and children a from Scandinavia a motocross training camp in Estonia. The target group is 50cc, 65cc and 85cc riders and their families.<\/p>\n<p>Trainers: <strong>Juss Laansoo<\/strong>, <strong>Andres Krestinov<\/strong>, <strong>Toomas Triisa<\/strong>, <strong>Martin Arum\u00e4e<\/strong> and others (all these riders are either many times Estonian Champions, have top places from AMA Supercross, Motocross World Championship, etc. and have extensive training experience). <\/p>\n<p><strong>Included: <\/strong><br \/>\n3-4 days of training sessions with qualified and top level Estonian motocross trainers.<br \/>\nEach day a different and well-prepared track in the South of Estonia will be used: Rosma near P\u00f5lva and Linte near R\u00e4pina motocross tracks, one day a visit to one of the largest indoor motocross halls of Europe in S\u00f5merpalu, near V\u00f5ru is planned.<br \/>\nAnalysing the results of the training sessions in the evening.<br \/>\nGames, socializing and other activities during the leisure time.<br \/>\nAccommodation at a guest house no more than half an hours ride from the tracks.<br \/>\n3 meals a day.<br \/>\nPossible service of a mechanic.<\/p>\n<p><strong>Dates: 29th July to 2nd August 2014<\/strong><\/p>\n<p>The week will end with a <strong>competition on the 2nd of August<\/strong> in R\u00e4pina where both the young riders and their fathers can participate. The race is called <strong>\u201eFathers and Sons\u201c<\/strong> (\u201eIsad ja pojad\u201c) and is a traditional international competition that has been held in Estonia for 20 years already. The results will sum up the points of both the father and the son who make up a team from their relevant races and in case of a draw the result of the father shall be decisive. The winner of the race will plant a tree in the motocross park near the race track.<\/p>\n<p><strong>Price: \u20ac 450 Euros\/per participant<\/strong> (riders), \u20ac 250 Euros\/per participant (family members). We can also offer a 30% discount on the fares of Tallink for the transportation to and from Estonia.<\/p>\n<p><strong>Contact:<\/strong> Helen Urbanik, Secretary General of the Estonian Motorcycling Federation<br \/>\nhelen@msport.ee<br \/>\n(372) 517 2246<br \/>\nwww.msport.ee<\/p>\n<p class=\"wpcf7-contact-form-not-found\"><strong>Error:<\/strong> Contact form not found.<\/p>\n","protected":false},"excerpt":{"rendered":"<p>The Estonian Motorcycling Federation is offering young riders and children a from Scandinavia a motocross training camp in Estonia. The target group is 50cc, 65cc and 85cc riders and their families. Trainers: Juss Laansoo, Andres Krestinov, Toomas Triisa, Martin Arum\u00e4e and others (all these riders are either many times Estonian Champions, have top places from [&hellip;]<\/p>\n","protected":false},"author":1,"featured_media":0,"parent":0,"menu_order":0,"comment_status":"open","ping_status":"open","template":"","meta":{"_acf_changed":false,"om_disable_all_campaigns":false,"_monsterinsights_skip_tracking":false,"_monsterinsights_sitenote_active":false,"_monsterinsights_sitenote_note":"","_monsterinsights_sitenote_category":0,"_uf_show_specific_survey":0,"_uf_disable_surveys":false,"ngg_post_thumbnail":0,"footnotes":""},"acf":[],"aioseo_notices":[],"yoast_head":"<!-- This site is optimized with the Yoast SEO Premium plugin v23.0 (Yoast SEO v23.4) - https:\/\/yoast.com\/wordpress\/plugins\/seo\/ -->\n<title>Motocross Training Camp for Children - Eesti Mootorrattaspordi F\u00f6deratsioon<\/title>\n<meta name=\"robots\" content=\"index, follow, max-snippet:-1, max-image-preview:large, max-video-preview:-1\" \/>\n<link rel=\"canonical\" href=\"https:\/\/msport.ee\/en\/motocross-training-camp-for-children\/\" \/>\n<meta property=\"og:locale\" content=\"en_US\" \/>\n<meta property=\"og:type\" content=\"article\" \/>\n<meta property=\"og:title\" content=\"Motocross Training Camp for Children\" \/>\n<meta property=\"og:description\" content=\"The Estonian Motorcycling Federation is offering young riders and children a from Scandinavia a motocross training camp in Estonia. The target group is\" \/>\n<meta property=\"og:url\" content=\"https:\/\/msport.ee\/en\/motocross-training-camp-for-children\/\" \/>\n<meta property=\"og:site_name\" content=\"Eesti Mootorrattaspordi F\u00f6deratsioon\" \/>\n<meta property=\"article:publisher\" content=\"https:\/\/www.facebook.com\/EestiMF\/\" \/>\n<meta name=\"twitter:card\" content=\"summary_large_image\" \/>\n<meta name=\"twitter:site\" content=\"@EMF_tweets\" \/>\n<meta name=\"twitter:label1\" content=\"Est. reading time\" \/>\n\t<meta name=\"twitter:data1\" content=\"2 minutes\" \/>\n<script type=\"application\/ld+json\" class=\"yoast-schema-graph\">{\"@context\":\"https:\/\/schema.org\",\"@graph\":[{\"@type\":\"WebPage\",\"@id\":\"https:\/\/msport.ee\/en\/motocross-training-camp-for-children\/\",\"url\":\"https:\/\/msport.ee\/en\/motocross-training-camp-for-children\/\",\"name\":\"Motocross Training Camp for Children - Eesti Mootorrattaspordi F\u00f6deratsioon\",\"isPartOf\":{\"@id\":\"https:\/\/msport.ee\/#website\"},\"datePublished\":\"2014-03-06T05:06:23+00:00\",\"dateModified\":\"2014-03-06T05:06:23+00:00\",\"breadcrumb\":{\"@id\":\"https:\/\/msport.ee\/en\/motocross-training-camp-for-children\/#breadcrumb\"},\"inLanguage\":\"en-US\",\"potentialAction\":[{\"@type\":\"ReadAction\",\"target\":[\"https:\/\/msport.ee\/en\/motocross-training-camp-for-children\/\"]}]},{\"@type\":\"BreadcrumbList\",\"@id\":\"https:\/\/msport.ee\/en\/motocross-training-camp-for-children\/#breadcrumb\",\"itemListElement\":[{\"@type\":\"ListItem\",\"position\":1,\"name\":\"Avaleht\",\"item\":\"https:\/\/msport.ee\/\"},{\"@type\":\"ListItem\",\"position\":2,\"name\":\"Motocross Training Camp for Children\"}]},{\"@type\":\"WebSite\",\"@id\":\"https:\/\/msport.ee\/#website\",\"url\":\"https:\/\/msport.ee\/\",\"name\":\"Eesti Mootorrattaspordi F\u00f6deratsioon\",\"description\":\"Eesti Mootorrattaspordi F\u00f6deratsioon\",\"publisher\":{\"@id\":\"https:\/\/msport.ee\/#organization\"},\"potentialAction\":[{\"@type\":\"SearchAction\",\"target\":{\"@type\":\"EntryPoint\",\"urlTemplate\":\"https:\/\/msport.ee\/?s={search_term_string}\"},\"query-input\":{\"@type\":\"PropertyValueSpecification\",\"valueRequired\":true,\"valueName\":\"search_term_string\"}}],\"inLanguage\":\"en-US\"},{\"@type\":\"Organization\",\"@id\":\"https:\/\/msport.ee\/#organization\",\"name\":\"MT\u00dc Eesti Mootorrattaspordi F\u00f6deratsioon\",\"url\":\"https:\/\/msport.ee\/\",\"logo\":{\"@type\":\"ImageObject\",\"inLanguage\":\"en-US\",\"@id\":\"https:\/\/msport.ee\/#\/schema\/logo\/image\/\",\"url\":\"https:\/\/msport.ee\/wp-content\/uploads\/2014\/02\/emf_www_logo.png\",\"contentUrl\":\"https:\/\/msport.ee\/wp-content\/uploads\/2014\/02\/emf_www_logo.png\",\"width\":140,\"height\":165,\"caption\":\"MT\u00dc Eesti Mootorrattaspordi F\u00f6deratsioon\"},\"image\":{\"@id\":\"https:\/\/msport.ee\/#\/schema\/logo\/image\/\"},\"sameAs\":[\"https:\/\/www.facebook.com\/EestiMF\/\",\"https:\/\/x.com\/EMF_tweets\",\"https:\/\/www.youtube.com\/c\/emftv\"]}]}<\/script>\n<!-- \/ Yoast SEO Premium plugin. -->","yoast_head_json":{"title":"Motocross Training Camp for Children - Eesti Mootorrattaspordi F\u00f6deratsioon","robots":{"index":"index","follow":"follow","max-snippet":"max-snippet:-1","max-image-preview":"max-image-preview:large","max-video-preview":"max-video-preview:-1"},"canonical":"https:\/\/msport.ee\/en\/motocross-training-camp-for-children\/","og_locale":"en_US","og_type":"article","og_title":"Motocross Training Camp for Children","og_description":"The Estonian Motorcycling Federation is offering young riders and children a from Scandinavia a motocross training camp in Estonia. The target group is","og_url":"https:\/\/msport.ee\/en\/motocross-training-camp-for-children\/","og_site_name":"Eesti Mootorrattaspordi F\u00f6deratsioon","article_publisher":"https:\/\/www.facebook.com\/EestiMF\/","twitter_card":"summary_large_image","twitter_site":"@EMF_tweets","twitter_misc":{"Est. reading time":"2 minutes"},"schema":{"@context":"https:\/\/schema.org","@graph":[{"@type":"WebPage","@id":"https:\/\/msport.ee\/en\/motocross-training-camp-for-children\/","url":"https:\/\/msport.ee\/en\/motocross-training-camp-for-children\/","name":"Motocross Training Camp for Children - Eesti Mootorrattaspordi F\u00f6deratsioon","isPartOf":{"@id":"https:\/\/msport.ee\/#website"},"datePublished":"2014-03-06T05:06:23+00:00","dateModified":"2014-03-06T05:06:23+00:00","breadcrumb":{"@id":"https:\/\/msport.ee\/en\/motocross-training-camp-for-children\/#breadcrumb"},"inLanguage":"en-US","potentialAction":[{"@type":"ReadAction","target":["https:\/\/msport.ee\/en\/motocross-training-camp-for-children\/"]}]},{"@type":"BreadcrumbList","@id":"https:\/\/msport.ee\/en\/motocross-training-camp-for-children\/#breadcrumb","itemListElement":[{"@type":"ListItem","position":1,"name":"Avaleht","item":"https:\/\/msport.ee\/"},{"@type":"ListItem","position":2,"name":"Motocross Training Camp for Children"}]},{"@type":"WebSite","@id":"https:\/\/msport.ee\/#website","url":"https:\/\/msport.ee\/","name":"Eesti Mootorrattaspordi F\u00f6deratsioon","description":"Eesti Mootorrattaspordi F\u00f6deratsioon","publisher":{"@id":"https:\/\/msport.ee\/#organization"},"potentialAction":[{"@type":"SearchAction","target":{"@type":"EntryPoint","urlTemplate":"https:\/\/msport.ee\/?s={search_term_string}"},"query-input":{"@type":"PropertyValueSpecification","valueRequired":true,"valueName":"search_term_string"}}],"inLanguage":"en-US"},{"@type":"Organization","@id":"https:\/\/msport.ee\/#organization","name":"MT\u00dc Eesti Mootorrattaspordi F\u00f6deratsioon","url":"https:\/\/msport.ee\/","logo":{"@type":"ImageObject","inLanguage":"en-US","@id":"https:\/\/msport.ee\/#\/schema\/logo\/image\/","url":"https:\/\/msport.ee\/wp-content\/uploads\/2014\/02\/emf_www_logo.png","contentUrl":"https:\/\/msport.ee\/wp-content\/uploads\/2014\/02\/emf_www_logo.png","width":140,"height":165,"caption":"MT\u00dc Eesti Mootorrattaspordi F\u00f6deratsioon"},"image":{"@id":"https:\/\/msport.ee\/#\/schema\/logo\/image\/"},"sameAs":["https:\/\/www.facebook.com\/EestiMF\/","https:\/\/x.com\/EMF_tweets","https:\/\/www.youtube.com\/c\/emftv"]}]}},"_links":{"self":[{"href":"https:\/\/msport.ee\/en\/wp-json\/wp\/v2\/pages\/302"}],"collection":[{"href":"https:\/\/msport.ee\/en\/wp-json\/wp\/v2\/pages"}],"about":[{"href":"https:\/\/msport.ee\/en\/wp-json\/wp\/v2\/types\/page"}],"author":[{"embeddable":true,"href":"https:\/\/msport.ee\/en\/wp-json\/wp\/v2\/users\/1"}],"replies":[{"embeddable":true,"href":"https:\/\/msport.ee\/en\/wp-json\/wp\/v2\/comments?post=302"}],"version-history":[{"count":0,"href":"https:\/\/msport.ee\/en\/wp-json\/wp\/v2\/pages\/302\/revisions"}],"wp:attachment":[{"href":"https:\/\/msport.ee\/en\/wp-json\/wp\/v2\/media?parent=302"}],"curies":[{"name":"wp","href":"https:\/\/api.w.org\/{rel}","templated":true}]}}